{"id":2,"date":"2024-07-02T10:51:55","date_gmt":"2024-07-02T07:51:55","guid":{"rendered":"http:\/\/skypeshowsitesi.com\/skype-show\/skype-show-siteleri\/?page_id=2"},"modified":"2024-07-02T13:10:39","modified_gmt":"2024-07-02T10:10:39","slug":"whatsappshowsitesi","status":"publish","type":"page","link":"https:\/\/goruntulu-sohbet.showalem.com\/goruntulu-sohbet-sitesi\/kamerali-sohbet\/kamerali-sohbet-sitesi\/kamerali-sohbet-siteleri\/goruntulu-sohbet-siteleri\/whatsappshowsitesi\/","title":{"rendered":"Whatsapp Show Sitesi"},"content":{"rendered":"\n<p><\/p>\n\n\n\n<blockquote class=\"wp-block-quote is-layout-flow wp-block-quote-is-layout-flow\">\n<p>Websitemiz i\u00e7erisinde yaln\u0131zca skype show de\u011fil, ayn\u0131 zamanda whatsapp show sitesi olarakta kullanabilir ve canl\u0131 yay\u0131nlar izleyebilirsiniz. Bu sayede skype show sitemizi, whatsapp show sitesi olarak kullanabilirsiniz.<\/p>\n<\/blockquote>\n\n\n\n<figure class=\"wp-block-image size-full\"><a href=\"https:\/\/dilberim.com\"><img loading=\"lazy\" decoding=\"async\" width=\"600\" height=\"400\" src=\"https:\/\/skypeshowsitesi.com\/skype-show\/skype-show-siteleri\/wp-content\/uploads\/2024\/07\/showalem.jpg\" alt=\"whatsapp show sitesi ar\u0131yorsan\u0131z en do\u011fru yerdesiniz.\" class=\"wp-image-16\" srcset=\"https:\/\/goruntulu-sohbet.showalem.com\/goruntulu-sohbet-sitesi\/kamerali-sohbet\/kamerali-sohbet-sitesi\/kamerali-sohbet-siteleri\/goruntulu-sohbet-siteleri\/wp-content\/uploads\/2024\/07\/showalem.jpg 600w, https:\/\/goruntulu-sohbet.showalem.com\/goruntulu-sohbet-sitesi\/kamerali-sohbet\/kamerali-sohbet-sitesi\/kamerali-sohbet-siteleri\/goruntulu-sohbet-siteleri\/wp-content\/uploads\/2024\/07\/showalem-300x200.jpg 300w\" sizes=\"(max-width: 600px) 100vw, 600px\" \/><\/a><figcaption class=\"wp-element-caption\">whatsapp show sitesi<\/figcaption><\/figure>\n","protected":false},"excerpt":{"rendered":"<p>Websitemiz i\u00e7erisinde yaln\u0131zca skype show de\u011fil, ayn\u0131 zamanda whatsapp show sitesi olarakta kullanabilir ve canl\u0131 yay\u0131nlar izleyebilirsiniz. Bu sayede skype show sitemizi, whatsapp show sitesi olarak kullanabilirsiniz.<\/p>\n","protected":false},"author":1,"featured_media":0,"parent":0,"menu_order":0,"comment_status":"closed","ping_status":"open","template":"","meta":{"footnotes":""},"_links":{"self":[{"href":"https:\/\/goruntulu-sohbet.showalem.com\/goruntulu-sohbet-sitesi\/kamerali-sohbet\/kamerali-sohbet-sitesi\/kamerali-sohbet-siteleri\/goruntulu-sohbet-siteleri\/wp-json\/wp\/v2\/pages\/2"}],"collection":[{"href":"https:\/\/goruntulu-sohbet.showalem.com\/goruntulu-sohbet-sitesi\/kamerali-sohbet\/kamerali-sohbet-sitesi\/kamerali-sohbet-siteleri\/goruntulu-sohbet-siteleri\/wp-json\/wp\/v2\/pages"}],"about":[{"href":"https:\/\/goruntulu-sohbet.showalem.com\/goruntulu-sohbet-sitesi\/kamerali-sohbet\/kamerali-sohbet-sitesi\/kamerali-sohbet-siteleri\/goruntulu-sohbet-siteleri\/wp-json\/wp\/v2\/types\/page"}],"author":[{"embeddable":true,"href":"https:\/\/goruntulu-sohbet.showalem.com\/goruntulu-sohbet-sitesi\/kamerali-sohbet\/kamerali-sohbet-sitesi\/kamerali-sohbet-siteleri\/goruntulu-sohbet-siteleri\/wp-json\/wp\/v2\/users\/1"}],"replies":[{"embeddable":true,"href":"https:\/\/goruntulu-sohbet.showalem.com\/goruntulu-sohbet-sitesi\/kamerali-sohbet\/kamerali-sohbet-sitesi\/kamerali-sohbet-siteleri\/goruntulu-sohbet-siteleri\/wp-json\/wp\/v2\/comments?post=2"}],"version-history":[{"count":7,"href":"https:\/\/goruntulu-sohbet.showalem.com\/goruntulu-sohbet-sitesi\/kamerali-sohbet\/kamerali-sohbet-sitesi\/kamerali-sohbet-siteleri\/goruntulu-sohbet-siteleri\/wp-json\/wp\/v2\/pages\/2\/revisions"}],"predecessor-version":[{"id":19,"href":"https:\/\/goruntulu-sohbet.showalem.com\/goruntulu-sohbet-sitesi\/kamerali-sohbet\/kamerali-sohbet-sitesi\/kamerali-sohbet-siteleri\/goruntulu-sohbet-siteleri\/wp-json\/wp\/v2\/pages\/2\/revisions\/19"}],"wp:attachment":[{"href":"https:\/\/goruntulu-sohbet.showalem.com\/goruntulu-sohbet-sitesi\/kamerali-sohbet\/kamerali-sohbet-sitesi\/kamerali-sohbet-siteleri\/goruntulu-sohbet-siteleri\/wp-json\/wp\/v2\/media?parent=2"}],"curies":[{"name":"wp","href":"https:\/\/api.w.org\/{rel}","templated":true}]}}